{"id":2537,"date":"2022-10-05T21:39:44","date_gmt":"2022-10-05T21:39:44","guid":{"rendered":"https:\/\/bestwesternplusgeneric2025.gmtpdigital.ca\/?page_id=2537"},"modified":"2024-10-29T13:53:28","modified_gmt":"2024-10-29T13:53:28","slug":"numeros-importants","status":"publish","type":"page","link":"https:\/\/bestwesternplusgeneric2025.gmtpdigital.ca\/fr\/numeros-importants\/","title":{"rendered":"Num\u00e9ros Importants"},"content":{"rendered":"\t\t<div data-elementor-type=\"wp-page\" data-elementor-id=\"2537\" class=\"elementor elementor-2537 elementor-2042\">\n\t\t\t\t\t\t<section class=\"elementor-section elementor-top-section elementor-element elementor-element-27af8ad elementor-section-boxed elementor-section-height-default elementor-section-height-default\" data-id=\"27af8ad\" data-element_type=\"section\" data-e-type=\"section\">\n\t\t\t\t\t\t<div class=\"elementor-container elementor-column-gap-default\">\n\t\t\t\t\t<div class=\"elementor-column elementor-col-100 elementor-top-column elementor-element elementor-element-5aabd81\" data-id=\"5aabd81\" data-element_type=\"column\" data-e-type=\"column\">\n\t\t\t<div class=\"elementor-widget-wrap elementor-element-populated\">\n\t\t\t\t\t\t<div class=\"elementor-element elementor-element-f7169e2 elementor-widget elementor-widget-text-editor\" data-id=\"f7169e2\" data-element_type=\"widget\" data-e-type=\"widget\" data-widget_type=\"text-editor.default\">\n\t\t\t\t<div class=\"elementor-widget-container\">\n\t\t\t\t\t\t\t\t\t<p class=\"p2\"><strong>COMPAGNIES A\u00c9RIENNES<br \/><\/strong>Air Canada. 1 888 247-2262<br \/>Air Transat. 1 877 872-6728<br \/>Delta. 1 800 221-1212<br \/>United. 1 800 241-6522<br \/>US Airways. 1 800 428-4322<br \/>West Jet. 1 888 937-8538<\/p><p class=\"p2\"><strong>AGENCES DE LOCATION DE VOITURES<br \/><\/strong>Avis. 1 800 352-7900<br \/>Budget. 1 800 268-8991<br \/>Discount. 1 844 562-2886<br \/>Enterprise\u00a0 1 844 307-8009<br \/>Hertz. 1 800 654-3131<\/p><p class=\"p3\"><span class=\"s1\"><strong>TRANSPORT A\u00c9ROPORTUAIRE<\/strong><br \/><\/span>Composez le 0<br \/>Veuillez communiquer avec la r\u00e9ception pour obtenir de l\u2019aide concernant les r\u00e9servations relatives au transport a\u00e9roportuaire.<\/p><h4 class=\"p2\"><strong>Lieux de culte<\/strong><\/h4><p class=\"p2\"><strong><em>\u00c9GLISE PRESBYT\u00c9RIENNE ST. COLUMBA BY-THE-LAKE<\/em><\/strong><br \/>514 697-2091<br \/>11, av. Rodney, Pointe-Claire (Qu\u00e9bec) H9R 4M4<br \/><em><strong>\u00c9GLISE ANGLICANE SAINT-PAUL<\/strong><\/em><br \/>514 634-1965<br \/>377, 44e av., Lachine (Qu\u00e9bec) H8T 2K5<br \/><em><strong>COMMUNAUT\u00c9 HELL\u00c9NIQUE DE L\u2019OUEST DE MONTR\u00c9AL<\/strong><\/em><br \/>514 684-6462<br \/>20, boul. Brunswick, Dollard-Des-Ormeaux (Qu\u00e9bec) H9B 2N8<br \/><em><strong>FAIRVIEW ALLIANCE CHURCH<\/strong><\/em><br \/>514 684-0156<br \/>220, rue Hyman, Dollard-Des-Ormeaux (Qu\u00e9bec) H9B 1L8<br \/><em><strong>VALOIS UNITED CHURCH<\/strong><\/em><br \/>514 697-0651<br \/>70, av. Belmont, Pointe-Claire (Qu\u00e9bec) H9R 2N5<br \/><em><strong>\u00c9GLISE \u00c9VANG\u00c9LIQUE LAKESHORE<\/strong><\/em><br \/>514 631-7249<br \/>470, av. Brookhaven, Dorval (Qu\u00e9bec) H9S 2N7<\/p>\t\t\t\t\t\t\t\t<\/div>\n\t\t\t\t<\/div>\n\t\t\t\t\t<\/div>\n\t\t<\/div>\n\t\t\t\t\t<\/div>\n\t\t<\/section>\n\t\t\t\t<\/div>\n\t\t","protected":false},"excerpt":{"rendered":"<p>COMPAGNIES A\u00c9RIENNESAir Canada. 1 888 247-2262Air Transat. 1 877 872-6728Delta. 1 800 221-1212United. 1 800 241-6522US Airways. 1 800 428-4322West Jet. 1 888 937-8538 AGENCES DE LOCATION DE VOITURESAvis. 1 800 352-7900Budget. 1 800 268-8991Discount. 1 844 562-2886Enterprise\u00a0 1 844 307-8009Hertz. 1 800 654-3131 TRANSPORT A\u00c9ROPORTUAIREComposez le 0Veuillez communiquer avec la r\u00e9ception pour obtenir de [&hellip;]<\/p>\n","protected":false},"author":22,"featured_media":0,"parent":0,"menu_order":0,"comment_status":"closed","ping_status":"closed","template":"","meta":{"_mi_skip_tracking":false,"site-sidebar-layout":"no-sidebar","site-content-layout":"page-builder","ast-site-content-layout":"default","site-content-style":"default","site-sidebar-style":"default","ast-global-header-display":"","ast-banner-title-visibility":"","ast-main-header-display":"","ast-hfb-above-header-display":"","ast-hfb-below-header-display":"","ast-hfb-mobile-header-display":"","site-post-title":"disabled","ast-breadcrumbs-content":"","ast-featured-img":"disabled","footer-sml-layout":"","ast-disable-related-posts":"","theme-transparent-header-meta":"default","adv-header-id-meta":"","stick-header-meta":"","header-above-stick-meta":"","header-main-stick-meta":"","header-below-stick-meta":"","astra-migrate-meta-layouts":"default","ast-page-background-enabled":"default","ast-page-background-meta":{"desktop":{"background-color":"var(--ast-global-color-4)","background-image":"","background-repeat":"repeat","background-position":"center center","background-size":"auto","background-attachment":"scroll","background-type":"","background-media":"","overlay-type":"","overlay-color":"","overlay-opacity":"","overlay-gradient":""},"tablet":{"background-color":"","background-image":"","background-repeat":"repeat","background-position":"center center","background-size":"auto","background-attachment":"scroll","background-type":"","background-media":"","overlay-type":"","overlay-color":"","overlay-opacity":"","overlay-gradient":""},"mobile":{"background-color":"","background-image":"","background-repeat":"repeat","background-position":"center center","background-size":"auto","background-attachment":"scroll","background-type":"","background-media":"","overlay-type":"","overlay-color":"","overlay-opacity":"","overlay-gradient":""}},"ast-content-background-meta":{"desktop":{"background-color":"var(--ast-global-color-5)","background-image":"","background-repeat":"repeat","background-position":"center center","background-size":"auto","background-attachment":"scroll","background-type":"","background-media":"","overlay-type":"","overlay-color":"","overlay-opacity":"","overlay-gradient":""},"tablet":{"background-color":"var(--ast-global-color-5)","background-image":"","background-repeat":"repeat","background-position":"center center","background-size":"auto","background-attachment":"scroll","background-type":"","background-media":"","overlay-type":"","overlay-color":"","overlay-opacity":"","overlay-gradient":""},"mobile":{"background-color":"var(--ast-global-color-5)","background-image":"","background-repeat":"repeat","background-position":"center center","background-size":"auto","background-attachment":"scroll","background-type":"","background-media":"","overlay-type":"","overlay-color":"","overlay-opacity":"","overlay-gradient":""}},"footnotes":""},"class_list":["post-2537","page","type-page","status-publish","hentry"],"_links":{"self":[{"href":"https:\/\/bestwesternplusgeneric2025.gmtpdigital.ca\/fr\/wp-json\/wp\/v2\/pages\/2537","targetHints":{"allow":["GET"]}}],"collection":[{"href":"https:\/\/bestwesternplusgeneric2025.gmtpdigital.ca\/fr\/wp-json\/wp\/v2\/pages"}],"about":[{"href":"https:\/\/bestwesternplusgeneric2025.gmtpdigital.ca\/fr\/wp-json\/wp\/v2\/types\/page"}],"author":[{"embeddable":true,"href":"https:\/\/bestwesternplusgeneric2025.gmtpdigital.ca\/fr\/wp-json\/wp\/v2\/users\/22"}],"replies":[{"embeddable":true,"href":"https:\/\/bestwesternplusgeneric2025.gmtpdigital.ca\/fr\/wp-json\/wp\/v2\/comments?post=2537"}],"version-history":[{"count":9,"href":"https:\/\/bestwesternplusgeneric2025.gmtpdigital.ca\/fr\/wp-json\/wp\/v2\/pages\/2537\/revisions"}],"predecessor-version":[{"id":4243,"href":"https:\/\/bestwesternplusgeneric2025.gmtpdigital.ca\/fr\/wp-json\/wp\/v2\/pages\/2537\/revisions\/4243"}],"wp:attachment":[{"href":"https:\/\/bestwesternplusgeneric2025.gmtpdigital.ca\/fr\/wp-json\/wp\/v2\/media?parent=2537"}],"curies":[{"name":"wp","href":"https:\/\/api.w.org\/{rel}","templated":true}]}}