{"id":2619,"date":"2022-10-08T20:28:39","date_gmt":"2022-10-08T20:28:39","guid":{"rendered":"https:\/\/bestwesternplusgeneric2025.gmtpdigital.ca\/?page_id=2619"},"modified":"2024-10-29T13:57:05","modified_gmt":"2024-10-29T13:57:05","slug":"liste-des-chaines-de-television","status":"publish","type":"page","link":"https:\/\/bestwesternplusgeneric2025.gmtpdigital.ca\/fr\/liste-des-chaines-de-television\/","title":{"rendered":"Liste des cha\u00eenes de t\u00e9l\u00e9vision"},"content":{"rendered":"\t\t<div data-elementor-type=\"wp-page\" data-elementor-id=\"2619\" class=\"elementor elementor-2619 elementor-1021\">\n\t\t\t\t\t\t<section class=\"elementor-section elementor-top-section elementor-element elementor-element-e3280ce elementor-section-full_width elementor-section-height-default elementor-section-height-default\" data-id=\"e3280ce\" data-element_type=\"section\" data-e-type=\"section\">\n\t\t\t\t\t\t<div class=\"elementor-container elementor-column-gap-default\">\n\t\t\t\t\t<div class=\"elementor-column elementor-col-100 elementor-top-column elementor-element elementor-element-7ee450b\" data-id=\"7ee450b\" data-element_type=\"column\" data-e-type=\"column\">\n\t\t\t<div class=\"elementor-widget-wrap elementor-element-populated\">\n\t\t\t\t\t\t<div class=\"elementor-element elementor-element-ede4e95 elementor-widget elementor-widget-image\" data-id=\"ede4e95\" data-element_type=\"widget\" data-e-type=\"widget\" data-widget_type=\"image.default\">\n\t\t\t\t<div class=\"elementor-widget-container\">\n\t\t\t\t\t\t\t\t\t\t\t\t\t\t\t<img fetchpriority=\"high\" decoding=\"async\" width=\"1024\" height=\"683\" src=\"https:\/\/bestwesternplusgeneric2025.gmtpdigital.ca\/wp-content\/uploads\/sites\/392\/2022\/10\/room-2559790_1920-1024x683-1.jpeg\" class=\"attachment-large size-large wp-image-2611\" alt=\"\" srcset=\"https:\/\/bestwesternplusgeneric2025.gmtpdigital.ca\/wp-content\/uploads\/sites\/392\/2022\/10\/room-2559790_1920-1024x683-1.jpeg 1024w, https:\/\/bestwesternplusgeneric2025.gmtpdigital.ca\/wp-content\/uploads\/sites\/392\/2022\/10\/room-2559790_1920-1024x683-1-300x200.jpeg 300w, https:\/\/bestwesternplusgeneric2025.gmtpdigital.ca\/wp-content\/uploads\/sites\/392\/2022\/10\/room-2559790_1920-1024x683-1-768x512.jpeg 768w\" sizes=\"(max-width: 1024px) 100vw, 1024px\" \/>\t\t\t\t\t\t\t\t\t\t\t\t\t\t\t<\/div>\n\t\t\t\t<\/div>\n\t\t\t\t\t<\/div>\n\t\t<\/div>\n\t\t\t\t\t<\/div>\n\t\t<\/section>\n\t\t\t\t<section class=\"elementor-section elementor-top-section elementor-element elementor-element-d277890 elementor-section-boxed elementor-section-height-default elementor-section-height-default\" data-id=\"d277890\" data-element_type=\"section\" data-e-type=\"section\">\n\t\t\t\t\t\t<div class=\"elementor-container elementor-column-gap-default\">\n\t\t\t\t\t<div class=\"elementor-column elementor-col-100 elementor-top-column elementor-element elementor-element-e5ff877\" data-id=\"e5ff877\" data-element_type=\"column\" data-e-type=\"column\">\n\t\t\t<div class=\"elementor-widget-wrap elementor-element-populated\">\n\t\t\t\t\t\t<div class=\"elementor-element elementor-element-9a4122b elementor-widget elementor-widget-text-editor\" data-id=\"9a4122b\" data-element_type=\"widget\" data-e-type=\"widget\" data-widget_type=\"text-editor.default\">\n\t\t\t\t<div class=\"elementor-widget-container\">\n\t\t\t\t\t\t\t\t\t<p>Bient\u00f4t disponible<\/p><p><strong>T\u00e9l\u00e9vision payante<\/strong> <br \/>Veuillez simplement allumer le t\u00e9l\u00e9viseur et suivre les instructions \u00e0 l\u2019\u00e9cran. Les frais encourus seront automatiquement port\u00e9s \u00e0 votre compte.<\/p>\t\t\t\t\t\t\t\t<\/div>\n\t\t\t\t<\/div>\n\t\t\t\t\t<\/div>\n\t\t<\/div>\n\t\t\t\t\t<\/div>\n\t\t<\/section>\n\t\t\t\t<\/div>\n\t\t","protected":false},"excerpt":{"rendered":"<p>\/*! elementor &#8211; v3.21.0 &#8211; 18-04-2024 *\/ .elementor-widget-image{text-align:center}.elementor-widget-image a{display:inline-block}.elementor-widget-image a img[src$=\u00a0\u00bb.svg\u00a0\u00bb]{width:48px}.elementor-widget-image img{vertical-align:middle;display:inline-block} Bient\u00f4t disponible T\u00e9l\u00e9vision payante Veuillez simplement allumer le t\u00e9l\u00e9viseur et suivre les instructions \u00e0 l\u2019\u00e9cran. Les frais encourus seront automatiquement port\u00e9s \u00e0 votre compte.<\/p>\n","protected":false},"author":22,"featured_media":0,"parent":0,"menu_order":0,"comment_status":"closed","ping_status":"closed","template":"","meta":{"_mi_skip_tracking":false,"site-sidebar-layout":"no-sidebar","site-content-layout":"page-builder","ast-site-content-layout":"default","site-content-style":"default","site-sidebar-style":"default","ast-global-header-display":"","ast-banner-title-visibility":"","ast-main-header-display":"","ast-hfb-above-header-display":"","ast-hfb-below-header-display":"","ast-hfb-mobile-header-display":"","site-post-title":"disabled","ast-breadcrumbs-content":"","ast-featured-img":"disabled","footer-sml-layout":"","ast-disable-related-posts":"","theme-transparent-header-meta":"default","adv-header-id-meta":"","stick-header-meta":"","header-above-stick-meta":"","header-main-stick-meta":"","header-below-stick-meta":"","astra-migrate-meta-layouts":"default","ast-page-background-enabled":"default","ast-page-background-meta":{"desktop":{"background-color":"var(--ast-global-color-4)","background-image":"","background-repeat":"repeat","background-position":"center center","background-size":"auto","background-attachment":"scroll","background-type":"","background-media":"","overlay-type":"","overlay-color":"","overlay-opacity":"","overlay-gradient":""},"tablet":{"background-color":"","background-image":"","background-repeat":"repeat","background-position":"center center","background-size":"auto","background-attachment":"scroll","background-type":"","background-media":"","overlay-type":"","overlay-color":"","overlay-opacity":"","overlay-gradient":""},"mobile":{"background-color":"","background-image":"","background-repeat":"repeat","background-position":"center center","background-size":"auto","background-attachment":"scroll","background-type":"","background-media":"","overlay-type":"","overlay-color":"","overlay-opacity":"","overlay-gradient":""}},"ast-content-background-meta":{"desktop":{"background-color":"var(--ast-global-color-5)","background-image":"","background-repeat":"repeat","background-position":"center center","background-size":"auto","background-attachment":"scroll","background-type":"","background-media":"","overlay-type":"","overlay-color":"","overlay-opacity":"","overlay-gradient":""},"tablet":{"background-color":"var(--ast-global-color-5)","background-image":"","background-repeat":"repeat","background-position":"center center","background-size":"auto","background-attachment":"scroll","background-type":"","background-media":"","overlay-type":"","overlay-color":"","overlay-opacity":"","overlay-gradient":""},"mobile":{"background-color":"var(--ast-global-color-5)","background-image":"","background-repeat":"repeat","background-position":"center center","background-size":"auto","background-attachment":"scroll","background-type":"","background-media":"","overlay-type":"","overlay-color":"","overlay-opacity":"","overlay-gradient":""}},"footnotes":""},"class_list":["post-2619","page","type-page","status-publish","hentry"],"_links":{"self":[{"href":"https:\/\/bestwesternplusgeneric2025.gmtpdigital.ca\/fr\/wp-json\/wp\/v2\/pages\/2619","targetHints":{"allow":["GET"]}}],"collection":[{"href":"https:\/\/bestwesternplusgeneric2025.gmtpdigital.ca\/fr\/wp-json\/wp\/v2\/pages"}],"about":[{"href":"https:\/\/bestwesternplusgeneric2025.gmtpdigital.ca\/fr\/wp-json\/wp\/v2\/types\/page"}],"author":[{"embeddable":true,"href":"https:\/\/bestwesternplusgeneric2025.gmtpdigital.ca\/fr\/wp-json\/wp\/v2\/users\/22"}],"replies":[{"embeddable":true,"href":"https:\/\/bestwesternplusgeneric2025.gmtpdigital.ca\/fr\/wp-json\/wp\/v2\/comments?post=2619"}],"version-history":[{"count":11,"href":"https:\/\/bestwesternplusgeneric2025.gmtpdigital.ca\/fr\/wp-json\/wp\/v2\/pages\/2619\/revisions"}],"predecessor-version":[{"id":4252,"href":"https:\/\/bestwesternplusgeneric2025.gmtpdigital.ca\/fr\/wp-json\/wp\/v2\/pages\/2619\/revisions\/4252"}],"wp:attachment":[{"href":"https:\/\/bestwesternplusgeneric2025.gmtpdigital.ca\/fr\/wp-json\/wp\/v2\/media?parent=2619"}],"curies":[{"name":"wp","href":"https:\/\/api.w.org\/{rel}","templated":true}]}}