{"id":2636,"date":"2022-10-08T20:50:45","date_gmt":"2022-10-08T20:50:45","guid":{"rendered":"https:\/\/bestwesternplusgeneric2025.gmtpdigital.ca\/?page_id=2636"},"modified":"2024-10-29T14:08:30","modified_gmt":"2024-10-29T14:08:30","slug":"procedures-durgence","status":"publish","type":"page","link":"https:\/\/bestwesternplusgeneric2025.gmtpdigital.ca\/fr\/procedures-durgence\/","title":{"rendered":"Proc\u00e9dures d\u2019urgence"},"content":{"rendered":"\t\t<div data-elementor-type=\"wp-page\" data-elementor-id=\"2636\" class=\"elementor elementor-2636 elementor-1001\">\n\t\t\t\t\t\t<section class=\"elementor-section elementor-top-section elementor-element elementor-element-6bb9fa9 elementor-section-full_width elementor-section-height-default elementor-section-height-default\" data-id=\"6bb9fa9\" data-element_type=\"section\" data-e-type=\"section\">\n\t\t\t\t\t\t<div class=\"elementor-container elementor-column-gap-default\">\n\t\t\t\t\t<div class=\"elementor-column elementor-col-100 elementor-top-column elementor-element elementor-element-50e232c\" data-id=\"50e232c\" data-element_type=\"column\" data-e-type=\"column\">\n\t\t\t<div class=\"elementor-widget-wrap elementor-element-populated\">\n\t\t\t\t\t\t<div class=\"elementor-element elementor-element-4340f46 elementor-widget elementor-widget-image\" data-id=\"4340f46\" data-element_type=\"widget\" data-e-type=\"widget\" data-widget_type=\"image.default\">\n\t\t\t\t<div class=\"elementor-widget-container\">\n\t\t\t\t\t\t\t\t\t\t\t\t\t\t\t<img fetchpriority=\"high\" decoding=\"async\" width=\"1024\" height=\"538\" src=\"https:\/\/bestwesternplusgeneric2025.gmtpdigital.ca\/wp-content\/uploads\/sites\/392\/2022\/10\/emergency-exit-1321134_1280-1024x538-1.jpeg\" class=\"attachment-large size-large wp-image-2609\" alt=\"\" srcset=\"https:\/\/bestwesternplusgeneric2025.gmtpdigital.ca\/wp-content\/uploads\/sites\/392\/2022\/10\/emergency-exit-1321134_1280-1024x538-1.jpeg 1024w, https:\/\/bestwesternplusgeneric2025.gmtpdigital.ca\/wp-content\/uploads\/sites\/392\/2022\/10\/emergency-exit-1321134_1280-1024x538-1-300x158.jpeg 300w, https:\/\/bestwesternplusgeneric2025.gmtpdigital.ca\/wp-content\/uploads\/sites\/392\/2022\/10\/emergency-exit-1321134_1280-1024x538-1-768x404.jpeg 768w\" sizes=\"(max-width: 1024px) 100vw, 1024px\" \/>\t\t\t\t\t\t\t\t\t\t\t\t\t\t\t<\/div>\n\t\t\t\t<\/div>\n\t\t\t\t\t<\/div>\n\t\t<\/div>\n\t\t\t\t\t<\/div>\n\t\t<\/section>\n\t\t\t\t<section class=\"elementor-section elementor-top-section elementor-element elementor-element-d277890 elementor-section-boxed elementor-section-height-default elementor-section-height-default\" data-id=\"d277890\" data-element_type=\"section\" data-e-type=\"section\">\n\t\t\t\t\t\t<div class=\"elementor-container elementor-column-gap-default\">\n\t\t\t\t\t<div class=\"elementor-column elementor-col-100 elementor-top-column elementor-element elementor-element-e5ff877\" data-id=\"e5ff877\" data-element_type=\"column\" data-e-type=\"column\">\n\t\t\t<div class=\"elementor-widget-wrap elementor-element-populated\">\n\t\t\t\t\t\t<div class=\"elementor-element elementor-element-9a4122b elementor-widget elementor-widget-text-editor\" data-id=\"9a4122b\" data-element_type=\"widget\" data-e-type=\"widget\" data-widget_type=\"text-editor.default\">\n\t\t\t\t<div class=\"elementor-widget-container\">\n\t\t\t\t\t\t\t\t\t<p class=\"p1\">En cas d\u2019urgence, les cinq minutes que vous aurez consacr\u00e9 \u00e0 la lecture de ce qui suit pourraient se r\u00e9v\u00e9ler tr\u00e8s utile.<\/p><p class=\"p1\">R\u00c9CEPTION: COMPOSEZ LE 0<\/p><p class=\"p1\"><strong>Les sorties de secours<br \/><\/strong>Les sorties de secours sont clairement indiqu\u00e9es sur votre \u00e9tage, mais si une fum\u00e9e \u00e9paisse se d\u00e9gage vous aurez peut-\u00eatre des difficult\u00e9s \u00e0 la visualiser. Nous vous demandons donc de respecter les points suivants :<\/p><p class=\"p1\">Comptez le nombre de portes existantes entre la v\u00f4tre et au moins deux issues de secours.<\/p><p class=\"p1\">V\u00e9rifiez o\u00f9 se trouvent les extincteurs, les lances \u00e0 incendie et les alarmes sur votre \u00e9tage.<\/p><p class=\"p1\">Comprenez le syst\u00e8me d\u2019ouverture et fermeture de la climatisation de votre chambre.<\/p><p class=\"p1\"><strong>Si vous apercevez un incendie &#8211; R\u00c9CEPTION<\/strong><\/p><p class=\"p1\">D\u00e9clenchez l\u2019alarme la plus proche.<\/p><p class=\"p1\">Si les flammes sont minuscules, \u00e9teignez-les et avisez la r\u00e9ception<\/p><p class=\"p1\">T\u00e9l\u00e9phonez \u00e0 la r\u00e9ception de l\u2019h\u00f4tel.<\/p><p class=\"p1\">Si possible, quittez l\u2019h\u00f4tel sans oublier de prendre la cl\u00e9 de votre chambre.<\/p><p class=\"p1\">Fermez la ou les portes pour vous prot\u00e9ger du feu, si vous \u00eates dans l\u2019impossibilit\u00e9 de quitter votre chambre.<\/p><p class=\"p1\"><strong>Si un incendie se d\u00e9clare dans votre chambre &#8211; R\u00c9CEPTION<\/strong><\/p><p class=\"p1\">Quittez votre chambre s\u00e9ance tenante\u2026 sans oublier de prendre votre cl\u00e9.<\/p><p class=\"p1\">D\u00e9clenchez l\u2019alarme d\u2019incendie et alertez vos plus proches voisins.<\/p><p class=\"p1\">D\u00e9crochez le t\u00e9l\u00e9phone le plus proche pour aviser la r\u00e9ception.<\/p><p class=\"p1\">Gagnez la sortie de secours.<\/p><p class=\"p1\">N\u2019UTILISEZ L\u2019ASCENSEUR EN AUCUN CAS !<\/p><p class=\"p1\">\u00c9vacuation provoqu\u00e9e par un signal d\u2019alarme<\/p><p class=\"p1\">Prenez la cl\u00e9 de votre chambre et d\u00e9placez-vous prudemment.<\/p><p class=\"p1\">Touchez la porte et sa poign\u00e9e avec la paume de la main. Si la porte ou la poign\u00e9e para\u00eet anormalement chaude, n\u2019ouvrez pas. Si la porte n\u2019est pas chaude, ouvrez-la avec pr\u00e9caution, mais soyez pr\u00eat \u00e0 la refermer imm\u00e9diatement en cas de n\u00e9cessit\u00e9.<\/p><p class=\"p1\">S\u2019il y a de la fum\u00e9e dans le couloir, retournez \u00e0 votre chambre. Si non, dirigez-vous vers la sortie de secours la plus proche.<\/p><p class=\"p1\">NE PRENEZ PAS L\u2019ASCENSEUR.<\/p><p class=\"p1\">Restez calme et tenez-vous toujours \u00e0 la rampe.<\/p><p class=\"p1\"><strong>Si vous \u00eates oblig\u00e9 de rester dans votre chambre &#8211; R\u00c9CEPTION<\/strong><\/p><p class=\"p1\">Arr\u00eatez la climatisation.<\/p><p class=\"p1\">Remplissez la baignoire d\u2019eau (cela constituera votre r\u00e9serve \u00e0 n\u2019utiliser qu\u2019en cas de besoin).<\/p><p class=\"p1\">T\u00e9l\u00e9phonez \u00e0 la r\u00e9ception pour signaler votre emplacement.<\/p><p class=\"p1\">Imbibez toutes les serviettes et tous les draps, et appliquez-les tout autour des portes et sur les bouches de ventilation afin d\u2019obtenir un herm\u00e9tisme total.<\/p><p class=\"p1\">Utilisez la corbeille \u00e0 papiers pour arroser les serviettes et les draps si la fum\u00e9e continue \u00e0 s\u2019infiltrer.<\/p><p class=\"p1\">D\u00e9crochez les doubles rideaux des fen\u00eatres.<\/p><p class=\"p1\">Si malgr\u00e9 cela, la fum\u00e9e persiste \u00e0 p\u00e9n\u00e9trer dans votre chambre, tenez une couverture humide au-dessus de votre t\u00eate.<\/p><p class=\"p1\">Si vous avez besoin d\u2019une assistance sp\u00e9ciale<\/p><p class=\"p1\">Si vous avez un handicap physique, pr\u00e9venez le personnel de r\u00e9ception d\u00e8s votre arriv\u00e9e ou sinon dans les meilleurs d\u00e9lais.<\/p><p class=\"p1\"><strong>Souvenez-vous\u2026<\/strong><\/p><p class=\"p1\">La plupart des accidents mortels sont d\u00fbs \u00e0 l\u2019inhalation de fum\u00e9e et de gaz toxiques, et non aux br\u00fblures. Restez toujours pr\u00e8s du sol d\u00e8s l\u2019apparition de la fum\u00e9e.<\/p><p class=\"p1\">N\u2019empruntez jamais un ascenseur.<\/p><p class=\"p1\">Cela ne vous arrivera peut-\u00eatre jamais<\/p><p class=\"p1\">Vous n\u2019aurez peut-\u00eatre jamais besoin d\u2019appliquer ces conseils, mais pour \u00e9viter de vous laisser surprendre par l\u2019inattendu, soyez attentif et prenez toujours bonne note des sorties de secours et des instructions \u00e0 respecter en cas d\u2019urgence quand vous entrez dans un grand immeuble.<\/p><p class=\"p1\"><strong>R\u00c8GLES DE S\u00c9CURIT\u00c9<\/strong><\/p><p class=\"p1\">Votre s\u00e9curit\u00e9 nous tient \u00e0 coeur. Votre confort et bien-\u00eatre sont notre priorit\u00e9.<\/p><p class=\"p1\">Nous vous conseillons de lire les r\u00e8gles de s\u00e9curit\u00e9 suivantes.<\/p><p class=\"p1\"><strong>Consignes de s\u00e9curit\u00e9<\/strong><\/p><p class=\"p1\">Ne pas laisser d\u2019objets de valeur dans votre voiture \u2013 verrouiller les porti\u00e8res.<\/p><p class=\"p1\">Ne jamais mentionner votre nom et num\u00e9ro de chambre \u00e0 des \u00e9trangers.<\/p><p class=\"p1\">Ne jamais mentionner vos all\u00e9es et venues de l\u2019h\u00f4tel \u00e0 un \u00e9tranger.<\/p><p class=\"p1\">Rapportez imm\u00e9diatement \u00e0 la r\u00e9ception toute situation douteuse ou alarmante dont vous avez \u00e9t\u00e9 t\u00e9moin.<\/p><p class=\"p1\">Pour votre protection, la porte de votre chambre se verrouille automatiquement quand elle se referme. Votre carte magn\u00e9tique est la seule cl\u00e9 qui permet d\u2019acc\u00e9der \u00e0 votre chambre. Une pi\u00e8ce d\u2019identit\u00e9 est exig\u00e9e pour recevoir une carte magn\u00e9tique additionnelle \u00e0 la r\u00e9ception.<\/p><p class=\"p1\">Verrouillez doublement votre porte de chambre \u00e0 l\u2019aide de la barrure de nuit.<\/p><p class=\"p1\">Les plaquettes d\u2019identification et\/ou les uniformes identifient les employ\u00e9s de notre h\u00f4tel. Il est donc important de bien v\u00e9rifier ces deux preuves d\u2019identit\u00e9 avant d\u2019accepter quelqu\u2019un dans votre chambre.<\/p><p class=\"p1\">Ne pas garder d\u2019objet de valeur dans votre chambre. Des coffrets de s\u00e9curit\u00e9 sont mis \u00e0 votre disposition \u00e0 la r\u00e9ception.<\/p><p class=\"p1\"><strong>Entretien des chambres<\/strong><\/p><p class=\"p1\">Toutes les pr\u00e9pos\u00e9es aux chambres portent l\u2019uniforme officiel et doivent s\u2019identifier avant d\u2019entrer dans votre chambre.<\/p><p class=\"p1\"><strong>OEil magique<\/strong><\/p><p class=\"p1\">Votre porte de chambre est munie d\u2019un oeil magique qui vous permet d\u2019identifier les personnes avant d\u2019ouvrir votre porte.<\/p><p class=\"p1\"><strong>Premiers soins<\/strong><\/p><p class=\"p1\">Des trousses de premiers soins sont disponibles \u00e0 la r\u00e9ception de l\u2019h\u00f4tel et \u00e0 la piscine.<\/p><p class=\"p1\"><strong>R\u00e8gles de pr\u00e9vention des incendies<\/strong><\/p><p class=\"p1\">Ne pas fumer dans votre lit.<\/p><p class=\"p1\">Utilisez le cendrier pour \u00e9teindre tout produit d\u00e9riv\u00e9 du tabac lorsque termin\u00e9.<\/p><p class=\"p1\">Aucun appareil de cuisson ni appareils d\u00e9gageant de la chaleur ne sont permis dans votre chambre.<\/p><p class=\"p1\">Veuillez communiquer avec la r\u00e9ception pour de plus amples informations.<\/p>\t\t\t\t\t\t\t\t<\/div>\n\t\t\t\t<\/div>\n\t\t\t\t\t<\/div>\n\t\t<\/div>\n\t\t\t\t\t<\/div>\n\t\t<\/section>\n\t\t\t\t<\/div>\n\t\t","protected":false},"excerpt":{"rendered":"<p>\/*! elementor &#8211; v3.21.0 &#8211; 18-04-2024 *\/ .elementor-widget-image{text-align:center}.elementor-widget-image a{display:inline-block}.elementor-widget-image a img[src$=\u00a0\u00bb.svg\u00a0\u00bb]{width:48px}.elementor-widget-image img{vertical-align:middle;display:inline-block} En cas d\u2019urgence, les cinq minutes que vous aurez consacr\u00e9 \u00e0 la lecture de ce qui suit pourraient se r\u00e9v\u00e9ler tr\u00e8s utile. R\u00c9CEPTION: COMPOSEZ LE 0 Les sorties de secoursLes sorties de secours sont clairement indiqu\u00e9es sur votre \u00e9tage, mais si une fum\u00e9e [&hellip;]<\/p>\n","protected":false},"author":22,"featured_media":0,"parent":0,"menu_order":0,"comment_status":"closed","ping_status":"closed","template":"","meta":{"_mi_skip_tracking":false,"site-sidebar-layout":"no-sidebar","site-content-layout":"page-builder","ast-site-content-layout":"default","site-content-style":"default","site-sidebar-style":"default","ast-global-header-display":"","ast-banner-title-visibility":"","ast-main-header-display":"","ast-hfb-above-header-display":"","ast-hfb-below-header-display":"","ast-hfb-mobile-header-display":"","site-post-title":"disabled","ast-breadcrumbs-content":"","ast-featured-img":"disabled","footer-sml-layout":"","ast-disable-related-posts":"","theme-transparent-header-meta":"default","adv-header-id-meta":"","stick-header-meta":"","header-above-stick-meta":"","header-main-stick-meta":"","header-below-stick-meta":"","astra-migrate-meta-layouts":"default","ast-page-background-enabled":"default","ast-page-background-meta":{"desktop":{"background-color":"var(--ast-global-color-4)","background-image":"","background-repeat":"repeat","background-position":"center center","background-size":"auto","background-attachment":"scroll","background-type":"","background-media":"","overlay-type":"","overlay-color":"","overlay-opacity":"","overlay-gradient":""},"tablet":{"background-color":"","background-image":"","background-repeat":"repeat","background-position":"center center","background-size":"auto","background-attachment":"scroll","background-type":"","background-media":"","overlay-type":"","overlay-color":"","overlay-opacity":"","overlay-gradient":""},"mobile":{"background-color":"","background-image":"","background-repeat":"repeat","background-position":"center center","background-size":"auto","background-attachment":"scroll","background-type":"","background-media":"","overlay-type":"","overlay-color":"","overlay-opacity":"","overlay-gradient":""}},"ast-content-background-meta":{"desktop":{"background-color":"var(--ast-global-color-5)","background-image":"","background-repeat":"repeat","background-position":"center center","background-size":"auto","background-attachment":"scroll","background-type":"","background-media":"","overlay-type":"","overlay-color":"","overlay-opacity":"","overlay-gradient":""},"tablet":{"background-color":"var(--ast-global-color-5)","background-image":"","background-repeat":"repeat","background-position":"center center","background-size":"auto","background-attachment":"scroll","background-type":"","background-media":"","overlay-type":"","overlay-color":"","overlay-opacity":"","overlay-gradient":""},"mobile":{"background-color":"var(--ast-global-color-5)","background-image":"","background-repeat":"repeat","background-position":"center center","background-size":"auto","background-attachment":"scroll","background-type":"","background-media":"","overlay-type":"","overlay-color":"","overlay-opacity":"","overlay-gradient":""}},"footnotes":""},"class_list":["post-2636","page","type-page","status-publish","hentry"],"_links":{"self":[{"href":"https:\/\/bestwesternplusgeneric2025.gmtpdigital.ca\/fr\/wp-json\/wp\/v2\/pages\/2636","targetHints":{"allow":["GET"]}}],"collection":[{"href":"https:\/\/bestwesternplusgeneric2025.gmtpdigital.ca\/fr\/wp-json\/wp\/v2\/pages"}],"about":[{"href":"https:\/\/bestwesternplusgeneric2025.gmtpdigital.ca\/fr\/wp-json\/wp\/v2\/types\/page"}],"author":[{"embeddable":true,"href":"https:\/\/bestwesternplusgeneric2025.gmtpdigital.ca\/fr\/wp-json\/wp\/v2\/users\/22"}],"replies":[{"embeddable":true,"href":"https:\/\/bestwesternplusgeneric2025.gmtpdigital.ca\/fr\/wp-json\/wp\/v2\/comments?post=2636"}],"version-history":[{"count":8,"href":"https:\/\/bestwesternplusgeneric2025.gmtpdigital.ca\/fr\/wp-json\/wp\/v2\/pages\/2636\/revisions"}],"predecessor-version":[{"id":4267,"href":"https:\/\/bestwesternplusgeneric2025.gmtpdigital.ca\/fr\/wp-json\/wp\/v2\/pages\/2636\/revisions\/4267"}],"wp:attachment":[{"href":"https:\/\/bestwesternplusgeneric2025.gmtpdigital.ca\/fr\/wp-json\/wp\/v2\/media?parent=2636"}],"curies":[{"name":"wp","href":"https:\/\/api.w.org\/{rel}","templated":true}]}}