{"id":2664,"date":"2022-10-08T21:48:15","date_gmt":"2022-10-08T21:48:15","guid":{"rendered":"https:\/\/bestwesternplusgeneric2025.gmtpdigital.ca\/?page_id=2664"},"modified":"2024-10-29T14:49:20","modified_gmt":"2024-10-29T14:49:20","slug":"magasiner","status":"publish","type":"page","link":"https:\/\/bestwesternplusgeneric2025.gmtpdigital.ca\/fr\/autour-de-la-ville\/magasiner\/","title":{"rendered":"Magasiner"},"content":{"rendered":"\t\t<div data-elementor-type=\"wp-page\" data-elementor-id=\"2664\" class=\"elementor elementor-2664 elementor-1196\">\n\t\t\t\t\t\t<section class=\"elementor-section elementor-top-section elementor-element elementor-element-b654cb1 elementor-section-boxed elementor-section-height-default elementor-section-height-default\" data-id=\"b654cb1\" data-element_type=\"section\" data-e-type=\"section\">\n\t\t\t\t\t\t<div class=\"elementor-container elementor-column-gap-default\">\n\t\t\t\t\t<div class=\"elementor-column elementor-col-100 elementor-top-column elementor-element elementor-element-d3cd920\" data-id=\"d3cd920\" data-element_type=\"column\" data-e-type=\"column\">\n\t\t\t<div class=\"elementor-widget-wrap elementor-element-populated\">\n\t\t\t\t\t\t<div class=\"elementor-element elementor-element-5262ec6 uael-equal__height-yes uael-post__link-complete-yes elementor-widget elementor-widget-uael-posts\" data-id=\"5262ec6\" data-element_type=\"widget\" data-e-type=\"widget\" data-settings=\"{&quot;classic_slides_to_show&quot;:&quot;1&quot;,&quot;classic_slides_to_show_tablet&quot;:&quot;1&quot;,&quot;classic_slides_to_show_mobile&quot;:1}\" data-widget_type=\"uael-posts.classic\">\n\t\t\t\t<div class=\"elementor-widget-container\">\n\t\t\t\t\t\t\t<div class=\"uael-post__grid-empty\">\n\t\t\t<p>D\u00e9sol\u00e9, il n'y a actuellement aucune entr\u00e9e pour cette cat\u00e9gorie.<\/p>\n\t\t\t\t\t<\/div>\n\t\t\t\t\t\t<\/div>\n\t\t\t\t<\/div>\n\t\t\t\t\t<\/div>\n\t\t<\/div>\n\t\t\t\t\t<\/div>\n\t\t<\/section>\n\t\t\t\t<section class=\"elementor-section elementor-top-section elementor-element elementor-element-c9401fb elementor-section-boxed elementor-section-height-default elementor-section-height-default\" data-id=\"c9401fb\" data-element_type=\"section\" data-e-type=\"section\">\n\t\t\t\t\t\t<div class=\"elementor-container elementor-column-gap-default\">\n\t\t\t\t\t<div class=\"elementor-column elementor-col-100 elementor-top-column elementor-element elementor-element-aab67c3\" data-id=\"aab67c3\" data-element_type=\"column\" data-e-type=\"column\">\n\t\t\t<div class=\"elementor-widget-wrap elementor-element-populated\">\n\t\t\t\t\t\t<div class=\"elementor-element elementor-element-91bf8a2 elementor-widget elementor-widget-text-editor\" data-id=\"91bf8a2\" data-element_type=\"widget\" data-e-type=\"widget\" data-widget_type=\"text-editor.default\">\n\t\t\t\t<div class=\"elementor-widget-container\">\n\t\t\t\t\t\t\t\t\t<p class=\"p1\"><strong>Mega Centre C\u00f4te Vertu<\/strong><br \/><a href=\"http:\/\/cogir.net\/\">http:\/\/cogir.net\/<\/a><\/p><p class=\"p1\"><strong>Plaza C\u00f4te-des-Neiges<\/strong><br \/><a href=\"http:\/\/www.plazacdn.com\/\">http:\/\/www.plazacdn.com\/<\/a><\/p><p class=\"p1\"><strong>Carrefour Angrignon<\/strong><br \/><a href=\"http:\/\/www.carrefourangrignon.com\/\">http:\/\/www.carrefourangrignon.com\/<\/a><\/p><h4 class=\"p1\"><strong>SERVICE<\/strong><\/h4><h4 class=\"p1\"><strong>Pharmacie<\/strong><\/h4><p><strong>Pharmaprix<\/strong><br \/><a href=\"https:\/\/stores.pharmaprix.ca\/fr\/store\/8\/?utm_source=G&amp;utm_medium=lpm&amp;utm_campaign=LPM_SDM\">https:\/\/stores.pharmaprix.ca\/fr\/store\/8\/?utm_source=G&amp;utm_medium=lpm&amp;utm_campaign=LPM_SDM<\/a><\/p><p class=\"p1\"><strong>Acc\u00e8s pharma Kim Uyen Huynh<\/strong><br \/><a href=\"http:\/\/www.accespharma.ca\/\">http:\/\/www.accespharma.ca\/<\/a><\/p><p class=\"p1\"><strong>Proxim pharmacie affili\u00e9e &#8211; KANO &amp; BARSOUM pharmaciens inc.<\/strong><br \/><a href=\"https:\/\/www.groupeproxim.ca\/fr\/quebec\/st-laurent\/kano-a-barsoum-phciens-inc-7060047?utm_source=google&amp;utm_medium=maps&amp;utm_campaign=local_presence\">https:\/\/www.groupeproxim.ca\/fr\/quebec\/st-laurent\/kano-a-barsoum-phciens-inc-7060047?utm_source=google&amp;utm_medium=maps&amp;utm_campaign=local_presence<\/a><\/p><h4 class=\"p1\"><strong>Banque<\/strong><\/h4><p class=\"p1\"><strong>RBC Banque Royal<\/strong><br \/><a href=\"https:\/\/stores.pharmaprix.ca\/fr\/store\/8\/?utm_source=G&amp;utm_medium=lpm&amp;utm_campaign=LPM_SDM\">https:\/\/stores.pharmaprix.ca\/fr\/store\/8\/?utm_source=G&amp;utm_medium=lpm&amp;utm_campaign=LPM_SDM<\/a><\/p><p class=\"p1\"><strong>Banque Scotia<\/strong><br \/><a href=\"https:\/\/maps.scotiabank.com\/locator\/fr\/index.html\">https:\/\/maps.scotiabank.com\/locator\/fr\/index.html<\/a><\/p><h4 class=\"p1\"><strong>Location auto<\/strong><\/h4><p class=\"p1\"><strong>W Prestige<\/strong><br \/><a href=\"https:\/\/w-prestige.com\/\">https:\/\/w-prestige.com\/<\/a><\/p><p class=\"p1\"><strong>Enterprise Location d\u2019Autos<\/strong><br \/><a href=\"https:\/\/carhire.one\/car-rental\/canada-montreal\">https:\/\/carhire.one\/car-rental\/canada-montreal<\/a><\/p><p class=\"p1\"><strong>Taxi<br \/><\/strong><a href=\"https:\/\/www.google.com\/maps\/search\/taxi\/@45.4778777,-73.7314939,13z\/data=!3m1!4b1!4m10!2m9!3m5!2sQuality+Hotel+Dorval+Aeroport,+7700+De+la+C%C3%B4te-de-Liesse+Rd,+Dorval,+Quebec+H4T+1E7!3s0x4cc917eab97c5c33:0xf5cf890e9787da56!4m2!1d-73.7004868!2d45.4778856!5m2!5m1!1s2023-12-06?entry=ttu\">https:\/\/www.google.com\/maps\/search\/taxi\/@45.4778777,-73.7314939,13z\/data=!3m1!4b1!4m10!2m9!3m5!2sQuality+Hotel+Dorval+Aeroport,+7700+De+la+C%C3%B4te-de-Liesse+Rd,+Dorval,+Quebec+H4T+1E7!3s0x4cc917eab97c5c33:0xf5cf890e9787da56!4m2!1d-73.7004868!2d45.4778856!5m2!5m1!1s2023-12-06?entry=ttu<\/a><\/p>\t\t\t\t\t\t\t\t<\/div>\n\t\t\t\t<\/div>\n\t\t\t\t\t<\/div>\n\t\t<\/div>\n\t\t\t\t\t<\/div>\n\t\t<\/section>\n\t\t\t\t<\/div>\n\t\t","protected":false},"excerpt":{"rendered":"<p>Pub Gout Gueule D\u00e9tails Mega Centre C\u00f4te Vertuhttp:\/\/cogir.net\/ Plaza C\u00f4te-des-Neigeshttp:\/\/www.plazacdn.com\/ Carrefour Angrignonhttp:\/\/www.carrefourangrignon.com\/ SERVICE Pharmacie Pharmaprixhttps:\/\/stores.pharmaprix.ca\/fr\/store\/8\/?utm_source=G&amp;utm_medium=lpm&amp;utm_campaign=LPM_SDM Acc\u00e8s pharma Kim Uyen Huynhhttp:\/\/www.accespharma.ca\/ Proxim pharmacie affili\u00e9e &#8211; KANO &amp; BARSOUM pharmaciens inc.https:\/\/www.groupeproxim.ca\/fr\/quebec\/st-laurent\/kano-a-barsoum-phciens-inc-7060047?utm_source=google&amp;utm_medium=maps&amp;utm_campaign=local_presence Banque RBC Banque Royalhttps:\/\/stores.pharmaprix.ca\/fr\/store\/8\/?utm_source=G&amp;utm_medium=lpm&amp;utm_campaign=LPM_SDM Banque Scotiahttps:\/\/maps.scotiabank.com\/locator\/fr\/index.html Location auto W Prestigehttps:\/\/w-prestige.com\/ Enterprise Location d\u2019Autoshttps:\/\/carhire.one\/car-rental\/canada-montreal Taxihttps:\/\/www.google.com\/maps\/search\/taxi\/@45.4778777,-73.7314939,13z\/data=!3m1!4b1!4m10!2m9!3m5!2sQuality+Hotel+Dorval+Aeroport,+7700+De+la+C%C3%B4te-de-Liesse+Rd,+Dorval,+Quebec+H4T+1E7!3s0x4cc917eab97c5c33:0xf5cf890e9787da56!4m2!1d-73.7004868!2d45.4778856!5m2!5m1!1s2023-12-06?entry=ttu<\/p>\n","protected":false},"author":22,"featured_media":0,"parent":2658,"menu_order":0,"comment_status":"closed","ping_status":"closed","template":"","meta":{"_mi_skip_tracking":false,"site-sidebar-layout":"no-sidebar","site-content-layout":"page-builder","ast-site-content-layout":"default","site-content-style":"default","site-sidebar-style":"default","ast-global-header-display":"","ast-banner-title-visibility":"","ast-main-header-display":"","ast-hfb-above-header-display":"","ast-hfb-below-header-display":"","ast-hfb-mobile-header-display":"","site-post-title":"disabled","ast-breadcrumbs-content":"","ast-featured-img":"disabled","footer-sml-layout":"","ast-disable-related-posts":"","theme-transparent-header-meta":"default","adv-header-id-meta":"","stick-header-meta":"","header-above-stick-meta":"","header-main-stick-meta":"","header-below-stick-meta":"","astra-migrate-meta-layouts":"default","ast-page-background-enabled":"default","ast-page-background-meta":{"desktop":{"background-color":"var(--ast-global-color-4)","background-image":"","background-repeat":"repeat","background-position":"center center","background-size":"auto","background-attachment":"scroll","background-type":"","background-media":"","overlay-type":"","overlay-color":"","overlay-opacity":"","overlay-gradient":""},"tablet":{"background-color":"","background-image":"","background-repeat":"repeat","background-position":"center center","background-size":"auto","background-attachment":"scroll","background-type":"","background-media":"","overlay-type":"","overlay-color":"","overlay-opacity":"","overlay-gradient":""},"mobile":{"background-color":"","background-image":"","background-repeat":"repeat","background-position":"center center","background-size":"auto","background-attachment":"scroll","background-type":"","background-media":"","overlay-type":"","overlay-color":"","overlay-opacity":"","overlay-gradient":""}},"ast-content-background-meta":{"desktop":{"background-color":"var(--ast-global-color-5)","background-image":"","background-repeat":"repeat","background-position":"center center","background-size":"auto","background-attachment":"scroll","background-type":"","background-media":"","overlay-type":"","overlay-color":"","overlay-opacity":"","overlay-gradient":""},"tablet":{"background-color":"var(--ast-global-color-5)","background-image":"","background-repeat":"repeat","background-position":"center center","background-size":"auto","background-attachment":"scroll","background-type":"","background-media":"","overlay-type":"","overlay-color":"","overlay-opacity":"","overlay-gradient":""},"mobile":{"background-color":"var(--ast-global-color-5)","background-image":"","background-repeat":"repeat","background-position":"center center","background-size":"auto","background-attachment":"scroll","background-type":"","background-media":"","overlay-type":"","overlay-color":"","overlay-opacity":"","overlay-gradient":""}},"footnotes":""},"class_list":["post-2664","page","type-page","status-publish","hentry"],"_links":{"self":[{"href":"https:\/\/bestwesternplusgeneric2025.gmtpdigital.ca\/fr\/wp-json\/wp\/v2\/pages\/2664","targetHints":{"allow":["GET"]}}],"collection":[{"href":"https:\/\/bestwesternplusgeneric2025.gmtpdigital.ca\/fr\/wp-json\/wp\/v2\/pages"}],"about":[{"href":"https:\/\/bestwesternplusgeneric2025.gmtpdigital.ca\/fr\/wp-json\/wp\/v2\/types\/page"}],"author":[{"embeddable":true,"href":"https:\/\/bestwesternplusgeneric2025.gmtpdigital.ca\/fr\/wp-json\/wp\/v2\/users\/22"}],"replies":[{"embeddable":true,"href":"https:\/\/bestwesternplusgeneric2025.gmtpdigital.ca\/fr\/wp-json\/wp\/v2\/comments?post=2664"}],"version-history":[{"count":7,"href":"https:\/\/bestwesternplusgeneric2025.gmtpdigital.ca\/fr\/wp-json\/wp\/v2\/pages\/2664\/revisions"}],"predecessor-version":[{"id":4279,"href":"https:\/\/bestwesternplusgeneric2025.gmtpdigital.ca\/fr\/wp-json\/wp\/v2\/pages\/2664\/revisions\/4279"}],"up":[{"embeddable":true,"href":"https:\/\/bestwesternplusgeneric2025.gmtpdigital.ca\/fr\/wp-json\/wp\/v2\/pages\/2658"}],"wp:attachment":[{"href":"https:\/\/bestwesternplusgeneric2025.gmtpdigital.ca\/fr\/wp-json\/wp\/v2\/media?parent=2664"}],"curies":[{"name":"wp","href":"https:\/\/api.w.org\/{rel}","templated":true}]}}